{"id":484,"date":"2016-07-12T09:53:30","date_gmt":"2016-07-12T09:53:30","guid":{"rendered":"http:\/\/boombox.px-lab.com\/?page_id=484"},"modified":"2018-08-23T09:15:25","modified_gmt":"2018-08-23T06:15:25","slug":"iletisim","status":"publish","type":"page","link":"https:\/\/www.petlican.com\/blog\/iletisim\/","title":{"rendered":"\u0130leti\u015fim"},"content":{"rendered":"<h6>Telsiz Mah. Belediye Cad. No: 40\/A Zeytinburnu\/\u0130STANBUL<br \/>\n0212 415 03 04 &#8211; info@petlican.com<\/h6>\n<h4><\/h4>\n<h4>Merak etme her sorunun mutlaka cevab\u0131 olur!\u00a0Ba\u015fka iste\u011fin var m\u0131?<\/h4>\n<p>Yaln\u0131zca a\u015fa\u011f\u0131daki formu doldurman\u0131z yeterli.<br \/>\n(Sorular\u0131n\u0131z genellikle 24 saat i\u00e7erisinde cevapland\u0131r\u0131lmaktad\u0131r)<\/p>\n\n<div class=\"wpcf7 no-js\" id=\"wpcf7-f4-o1\" lang=\"tr-TR\" dir=\"ltr\">\n<div class=\"screen-reader-response\"><p role=\"status\" aria-live=\"polite\" aria-atomic=\"true\"><\/p> <ul><\/ul><\/div>\n<form action=\"\/blog\/wp-json\/wp\/v2\/pages\/484#wpcf7-f4-o1\" method=\"post\" class=\"wpcf7-form init\" aria-label=\"Contact form\" novalidate=\"novalidate\" data-status=\"init\">\n<div style=\"display: none;\">\n<input type=\"hidden\" name=\"_wpcf7\" value=\"4\" \/>\n<input type=\"hidden\" name=\"_wpcf7_version\" value=\"5.7.5.1\" \/>\n<input type=\"hidden\" name=\"_wpcf7_locale\" value=\"tr_TR\" \/>\n<input type=\"hidden\" name=\"_wpcf7_unit_tag\" value=\"wpcf7-f4-o1\" \/>\n<input type=\"hidden\" name=\"_wpcf7_container_post\" value=\"0\" \/>\n<input type=\"hidden\" name=\"_wpcf7_posted_data_hash\" value=\"\" \/>\n<\/div>\n<p><label> Ad\u0131n\u0131z (gerekli)<br \/>\n<span class=\"wpcf7-form-control-wrap\" data-name=\"your-name\"><input size=\"40\" class=\"wpcf7-form-control wpcf7-text wpcf7-validates-as-required\" aria-required=\"true\" aria-invalid=\"false\" value=\"\" type=\"text\" name=\"your-name\" \/><\/span> <\/label>\n<\/p>\n<p><label> Epostan\u0131z (gerekli)<br \/>\n<span class=\"wpcf7-form-control-wrap\" data-name=\"your-email\"><input size=\"40\" class=\"wpcf7-form-control wpcf7-text wpcf7-email wpcf7-validates-as-required wpcf7-validates-as-email\" aria-required=\"true\" aria-invalid=\"false\" value=\"\" type=\"email\" name=\"your-email\" \/><\/span> <\/label>\n<\/p>\n<p><label> Konu<br \/>\n<span class=\"wpcf7-form-control-wrap\" data-name=\"your-subject\"><input size=\"40\" class=\"wpcf7-form-control wpcf7-text\" aria-invalid=\"false\" value=\"\" type=\"text\" name=\"your-subject\" \/><\/span> <\/label>\n<\/p>\n<p><label> \u0130letiniz<br \/>\n<span class=\"wpcf7-form-control-wrap\" data-name=\"your-message\"><textarea cols=\"40\" rows=\"10\" class=\"wpcf7-form-control wpcf7-textarea\" aria-invalid=\"false\" name=\"your-message\"><\/textarea><\/span> <\/label>\n<\/p>\n<p><input class=\"wpcf7-form-control has-spinner wpcf7-submit\" type=\"submit\" value=\"G\u00f6nder\" \/>\n<\/p><p style=\"display: none !important;\"><label>&#916;<textarea name=\"_wpcf7_ak_hp_textarea\" cols=\"45\" rows=\"8\" maxlength=\"100\"><\/textarea><\/label><input type=\"hidden\" id=\"ak_js_1\" name=\"_wpcf7_ak_js\" value=\"145\"\/><script>document.getElementById( \"ak_js_1\" ).setAttribute( \"value\", ( new Date() ).getTime() );<\/script><\/p><div class=\"wpcf7-response-output\" aria-hidden=\"true\"><\/div>\n<\/form>\n<\/div>\n\n","protected":false},"excerpt":{"rendered":"<p>Telsiz Mah. Belediye Cad. No: 40\/A Zeytinburnu\/\u0130STANBUL 0212 415 03 04 &#8211; info@petlican.com Merak etme her sorunun mutlaka cevab\u0131 olur!\u00a0Ba\u015fka iste\u011fin var m\u0131? Yaln\u0131zca a\u015fa\u011f\u0131daki formu doldurman\u0131z yeterli. (Sorular\u0131n\u0131z genellikle 24 saat i\u00e7erisinde cevapland\u0131r\u0131lmaktad\u0131r)<\/p>\n","protected":false},"author":1,"featured_media":0,"parent":0,"menu_order":0,"comment_status":"closed","ping_status":"closed","template":"","meta":[],"yoast_head":"<!-- This site is optimized with the Yoast SEO plugin v20.4 - https:\/\/yoast.com\/wordpress\/plugins\/seo\/ -->\n<title>\u0130leti\u015fim - Petlican.com<\/title>\n<meta name=\"description\" content=\"Kedi k\u00f6pek ve di\u011fer evcil hayvan \u0131rklar\u0131, cinsleri \u00f6zellikleri, sa\u011fl\u0131\u011f\u0131, bak\u0131m\u0131, beslenmesi, e\u011fitimi gibi t\u00fcm bilgiler.\" \/>\n<meta name=\"robots\" content=\"index, follow, max-snippet:-1, max-image-preview:large, max-video-preview:-1\" \/>\n<link rel=\"canonical\" href=\"https:\/\/www.petlican.com\/blog\/iletisim\/\" \/>\n<meta property=\"og:locale\" content=\"tr_TR\" \/>\n<meta property=\"og:type\" content=\"article\" \/>\n<meta property=\"og:title\" content=\"\u0130leti\u015fim - Petlican.com\" \/>\n<meta property=\"og:description\" content=\"Kedi k\u00f6pek ve di\u011fer evcil hayvan \u0131rklar\u0131, cinsleri \u00f6zellikleri, sa\u011fl\u0131\u011f\u0131, bak\u0131m\u0131, beslenmesi, e\u011fitimi gibi t\u00fcm bilgiler.\" \/>\n<meta property=\"og:url\" content=\"https:\/\/www.petlican.com\/blog\/iletisim\/\" \/>\n<meta property=\"og:site_name\" content=\"Petlican.com\" \/>\n<meta property=\"article:publisher\" content=\"https:\/\/www.facebook.com\/petlican\/\" \/>\n<meta property=\"article:modified_time\" content=\"2018-08-23T06:15:25+00:00\" \/>\n<meta name=\"twitter:card\" content=\"summary_large_image\" \/>\n<meta name=\"twitter:site\" content=\"@petlican\" \/>\n<script type=\"application\/ld+json\" class=\"yoast-schema-graph\">{\"@context\":\"https:\/\/schema.org\",\"@graph\":[{\"@type\":\"WebPage\",\"@id\":\"https:\/\/www.petlican.com\/blog\/iletisim\/\",\"url\":\"https:\/\/www.petlican.com\/blog\/iletisim\/\",\"name\":\"\u0130leti\u015fim - Petlican.com\",\"isPartOf\":{\"@id\":\"https:\/\/www.petlican.com\/blog\/#website\"},\"datePublished\":\"2016-07-12T09:53:30+00:00\",\"dateModified\":\"2018-08-23T06:15:25+00:00\",\"description\":\"Kedi k\u00f6pek ve di\u011fer evcil hayvan \u0131rklar\u0131, cinsleri \u00f6zellikleri, sa\u011fl\u0131\u011f\u0131, bak\u0131m\u0131, beslenmesi, e\u011fitimi gibi t\u00fcm bilgiler.\",\"breadcrumb\":{\"@id\":\"https:\/\/www.petlican.com\/blog\/iletisim\/#breadcrumb\"},\"inLanguage\":\"tr\",\"potentialAction\":[{\"@type\":\"ReadAction\",\"target\":[\"https:\/\/www.petlican.com\/blog\/iletisim\/\"]}]},{\"@type\":\"BreadcrumbList\",\"@id\":\"https:\/\/www.petlican.com\/blog\/iletisim\/#breadcrumb\",\"itemListElement\":[{\"@type\":\"ListItem\",\"position\":1,\"name\":\"Ana sayfa\",\"item\":\"https:\/\/www.petlican.com\/blog\/\"},{\"@type\":\"ListItem\",\"position\":2,\"name\":\"\u0130leti\u015fim\"}]},{\"@type\":\"WebSite\",\"@id\":\"https:\/\/www.petlican.com\/blog\/#website\",\"url\":\"https:\/\/www.petlican.com\/blog\/\",\"name\":\"Petlican.com\",\"description\":\"\",\"potentialAction\":[{\"@type\":\"SearchAction\",\"target\":{\"@type\":\"EntryPoint\",\"urlTemplate\":\"https:\/\/www.petlican.com\/blog\/?s={search_term_string}\"},\"query-input\":\"required name=search_term_string\"}],\"inLanguage\":\"tr\"}]}<\/script>\n<!-- \/ Yoast SEO plugin. -->","yoast_head_json":{"title":"\u0130leti\u015fim - Petlican.com","description":"Kedi k\u00f6pek ve di\u011fer evcil hayvan \u0131rklar\u0131, cinsleri \u00f6zellikleri, sa\u011fl\u0131\u011f\u0131, bak\u0131m\u0131, beslenmesi, e\u011fitimi gibi t\u00fcm bilgiler.","robots":{"index":"index","follow":"follow","max-snippet":"max-snippet:-1","max-image-preview":"max-image-preview:large","max-video-preview":"max-video-preview:-1"},"canonical":"https:\/\/www.petlican.com\/blog\/iletisim\/","og_locale":"tr_TR","og_type":"article","og_title":"\u0130leti\u015fim - Petlican.com","og_description":"Kedi k\u00f6pek ve di\u011fer evcil hayvan \u0131rklar\u0131, cinsleri \u00f6zellikleri, sa\u011fl\u0131\u011f\u0131, bak\u0131m\u0131, beslenmesi, e\u011fitimi gibi t\u00fcm bilgiler.","og_url":"https:\/\/www.petlican.com\/blog\/iletisim\/","og_site_name":"Petlican.com","article_publisher":"https:\/\/www.facebook.com\/petlican\/","article_modified_time":"2018-08-23T06:15:25+00:00","twitter_card":"summary_large_image","twitter_site":"@petlican","schema":{"@context":"https:\/\/schema.org","@graph":[{"@type":"WebPage","@id":"https:\/\/www.petlican.com\/blog\/iletisim\/","url":"https:\/\/www.petlican.com\/blog\/iletisim\/","name":"\u0130leti\u015fim - Petlican.com","isPartOf":{"@id":"https:\/\/www.petlican.com\/blog\/#website"},"datePublished":"2016-07-12T09:53:30+00:00","dateModified":"2018-08-23T06:15:25+00:00","description":"Kedi k\u00f6pek ve di\u011fer evcil hayvan \u0131rklar\u0131, cinsleri \u00f6zellikleri, sa\u011fl\u0131\u011f\u0131, bak\u0131m\u0131, beslenmesi, e\u011fitimi gibi t\u00fcm bilgiler.","breadcrumb":{"@id":"https:\/\/www.petlican.com\/blog\/iletisim\/#breadcrumb"},"inLanguage":"tr","potentialAction":[{"@type":"ReadAction","target":["https:\/\/www.petlican.com\/blog\/iletisim\/"]}]},{"@type":"BreadcrumbList","@id":"https:\/\/www.petlican.com\/blog\/iletisim\/#breadcrumb","itemListElement":[{"@type":"ListItem","position":1,"name":"Ana sayfa","item":"https:\/\/www.petlican.com\/blog\/"},{"@type":"ListItem","position":2,"name":"\u0130leti\u015fim"}]},{"@type":"WebSite","@id":"https:\/\/www.petlican.com\/blog\/#website","url":"https:\/\/www.petlican.com\/blog\/","name":"Petlican.com","description":"","potentialAction":[{"@type":"SearchAction","target":{"@type":"EntryPoint","urlTemplate":"https:\/\/www.petlican.com\/blog\/?s={search_term_string}"},"query-input":"required name=search_term_string"}],"inLanguage":"tr"}]}},"_links":{"self":[{"href":"https:\/\/www.petlican.com\/blog\/wp-json\/wp\/v2\/pages\/484"}],"collection":[{"href":"https:\/\/www.petlican.com\/blog\/wp-json\/wp\/v2\/pages"}],"about":[{"href":"https:\/\/www.petlican.com\/blog\/wp-json\/wp\/v2\/types\/page"}],"author":[{"embeddable":true,"href":"https:\/\/www.petlican.com\/blog\/wp-json\/wp\/v2\/users\/1"}],"replies":[{"embeddable":true,"href":"https:\/\/www.petlican.com\/blog\/wp-json\/wp\/v2\/comments?post=484"}],"version-history":[{"count":4,"href":"https:\/\/www.petlican.com\/blog\/wp-json\/wp\/v2\/pages\/484\/revisions"}],"predecessor-version":[{"id":3118,"href":"https:\/\/www.petlican.com\/blog\/wp-json\/wp\/v2\/pages\/484\/revisions\/3118"}],"wp:attachment":[{"href":"https:\/\/www.petlican.com\/blog\/wp-json\/wp\/v2\/media?parent=484"}],"curies":[{"name":"wp","href":"https:\/\/api.w.org\/{rel}","templated":true}]}}