{"id":2388,"date":"2017-10-23T13:54:34","date_gmt":"2017-10-23T10:54:34","guid":{"rendered":"https:\/\/www.petlican.com\/blog\/listing-form\/"},"modified":"2017-10-23T15:36:58","modified_gmt":"2017-10-23T12:36:58","slug":"sahiplendirme-ilani-ver","status":"publish","type":"page","link":"https:\/\/www.petlican.com\/blog\/sahiplendirme-ilani-ver\/","title":{"rendered":"Sahiplendirme \u0130lan\u0131 Ver"},"content":{"rendered":"<div class=\"acadp acadp-login-form\"><form name=\"loginform\" id=\"loginform\" action=\"https:\/\/www.petlican.com\/blog\/wp-login.php\" method=\"post\"><p class=\"login-username\">\n\t\t\t\t<label for=\"user_login\">Kullan\u0131c\u0131 ad\u0131 ya da e-posta adresi<\/label>\n\t\t\t\t<input type=\"text\" name=\"log\" id=\"user_login\" autocomplete=\"username\" class=\"input\" value=\"\" size=\"20\" \/>\n\t\t\t<\/p><p class=\"login-password\">\n\t\t\t\t<label for=\"user_pass\">Parola<\/label>\n\t\t\t\t<input type=\"password\" name=\"pwd\" id=\"user_pass\" autocomplete=\"current-password\" spellcheck=\"false\" class=\"input\" value=\"\" size=\"20\" \/>\n\t\t\t<\/p><p class=\"login-remember\"><label><input name=\"rememberme\" type=\"checkbox\" id=\"rememberme\" value=\"forever\" \/> Beni hat\u0131rla<\/label><\/p><p class=\"login-submit\">\n\t\t\t\t<input type=\"submit\" name=\"wp-submit\" id=\"wp-submit\" class=\"button button-primary\" value=\"Giri\u015f\" \/>\n\t\t\t\t<input type=\"hidden\" name=\"redirect_to\" value=\"https:\/\/www.petlican.com\/blog\/wp-json\/wp\/v2\/pages\/2388\" \/>\n\t\t\t<\/p><\/form><p><a href=\"https:\/\/www.petlican.com\/blog\/hesabim\/lost-password\/\">\u015eifreni mi unuttun?<\/a><\/p><p><a href=\"https:\/\/www.petlican.com\/blog\/kayit-ol\/\">Hesap olu\u015ftur<\/a><\/p><\/div>\n","protected":false},"excerpt":{"rendered":"","protected":false},"author":1,"featured_media":0,"parent":0,"menu_order":0,"comment_status":"closed","ping_status":"closed","template":"","meta":[],"yoast_head":"<!-- This site is optimized with the Yoast SEO plugin v20.4 - https:\/\/yoast.com\/wordpress\/plugins\/seo\/ -->\n<title>Sahiplendirme \u0130lan\u0131 Ver - Petlican.com<\/title>\n<meta name=\"description\" content=\"Kedi k\u00f6pek ve di\u011fer evcil hayvan \u0131rklar\u0131, cinsleri \u00f6zellikleri, sa\u011fl\u0131\u011f\u0131, bak\u0131m\u0131, beslenmesi, e\u011fitimi gibi t\u00fcm bilgiler.\" \/>\n<meta name=\"robots\" content=\"index, follow, max-snippet:-1, max-image-preview:large, max-video-preview:-1\" \/>\n<link rel=\"canonical\" href=\"https:\/\/www.petlican.com\/blog\/sahiplendirme-ilani-ver\/\" \/>\n<meta property=\"og:locale\" content=\"tr_TR\" \/>\n<meta property=\"og:type\" content=\"article\" \/>\n<meta property=\"og:title\" content=\"Sahiplendirme \u0130lan\u0131 Ver - Petlican.com\" \/>\n<meta property=\"og:description\" content=\"Kedi k\u00f6pek ve di\u011fer evcil hayvan \u0131rklar\u0131, cinsleri \u00f6zellikleri, sa\u011fl\u0131\u011f\u0131, bak\u0131m\u0131, beslenmesi, e\u011fitimi gibi t\u00fcm bilgiler.\" \/>\n<meta property=\"og:url\" content=\"https:\/\/www.petlican.com\/blog\/sahiplendirme-ilani-ver\/\" \/>\n<meta property=\"og:site_name\" content=\"Petlican.com\" \/>\n<meta property=\"article:publisher\" content=\"https:\/\/www.facebook.com\/petlican\/\" \/>\n<meta property=\"article:modified_time\" content=\"2017-10-23T12:36:58+00:00\" \/>\n<meta name=\"twitter:card\" content=\"summary_large_image\" \/>\n<meta name=\"twitter:site\" content=\"@petlican\" \/>\n<script type=\"application\/ld+json\" class=\"yoast-schema-graph\">{\"@context\":\"https:\/\/schema.org\",\"@graph\":[{\"@type\":\"WebPage\",\"@id\":\"https:\/\/www.petlican.com\/blog\/sahiplendirme-ilani-ver\/\",\"url\":\"https:\/\/www.petlican.com\/blog\/sahiplendirme-ilani-ver\/\",\"name\":\"Sahiplendirme \u0130lan\u0131 Ver - Petlican.com\",\"isPartOf\":{\"@id\":\"https:\/\/www.petlican.com\/blog\/#website\"},\"datePublished\":\"2017-10-23T10:54:34+00:00\",\"dateModified\":\"2017-10-23T12:36:58+00:00\",\"description\":\"Kedi k\u00f6pek ve di\u011fer evcil hayvan \u0131rklar\u0131, cinsleri \u00f6zellikleri, sa\u011fl\u0131\u011f\u0131, bak\u0131m\u0131, beslenmesi, e\u011fitimi gibi t\u00fcm bilgiler.\",\"breadcrumb\":{\"@id\":\"https:\/\/www.petlican.com\/blog\/sahiplendirme-ilani-ver\/#breadcrumb\"},\"inLanguage\":\"tr\",\"potentialAction\":[{\"@type\":\"ReadAction\",\"target\":[\"https:\/\/www.petlican.com\/blog\/sahiplendirme-ilani-ver\/\"]}]},{\"@type\":\"BreadcrumbList\",\"@id\":\"https:\/\/www.petlican.com\/blog\/sahiplendirme-ilani-ver\/#breadcrumb\",\"itemListElement\":[{\"@type\":\"ListItem\",\"position\":1,\"name\":\"Ana sayfa\",\"item\":\"https:\/\/www.petlican.com\/blog\/\"},{\"@type\":\"ListItem\",\"position\":2,\"name\":\"Sahiplendirme \u0130lan\u0131 Ver\"}]},{\"@type\":\"WebSite\",\"@id\":\"https:\/\/www.petlican.com\/blog\/#website\",\"url\":\"https:\/\/www.petlican.com\/blog\/\",\"name\":\"Petlican.com\",\"description\":\"\",\"potentialAction\":[{\"@type\":\"SearchAction\",\"target\":{\"@type\":\"EntryPoint\",\"urlTemplate\":\"https:\/\/www.petlican.com\/blog\/?s={search_term_string}\"},\"query-input\":\"required name=search_term_string\"}],\"inLanguage\":\"tr\"}]}<\/script>\n<!-- \/ Yoast SEO plugin. -->","yoast_head_json":{"title":"Sahiplendirme \u0130lan\u0131 Ver - Petlican.com","description":"Kedi k\u00f6pek ve di\u011fer evcil hayvan \u0131rklar\u0131, cinsleri \u00f6zellikleri, sa\u011fl\u0131\u011f\u0131, bak\u0131m\u0131, beslenmesi, e\u011fitimi gibi t\u00fcm bilgiler.","robots":{"index":"index","follow":"follow","max-snippet":"max-snippet:-1","max-image-preview":"max-image-preview:large","max-video-preview":"max-video-preview:-1"},"canonical":"https:\/\/www.petlican.com\/blog\/sahiplendirme-ilani-ver\/","og_locale":"tr_TR","og_type":"article","og_title":"Sahiplendirme \u0130lan\u0131 Ver - Petlican.com","og_description":"Kedi k\u00f6pek ve di\u011fer evcil hayvan \u0131rklar\u0131, cinsleri \u00f6zellikleri, sa\u011fl\u0131\u011f\u0131, bak\u0131m\u0131, beslenmesi, e\u011fitimi gibi t\u00fcm bilgiler.","og_url":"https:\/\/www.petlican.com\/blog\/sahiplendirme-ilani-ver\/","og_site_name":"Petlican.com","article_publisher":"https:\/\/www.facebook.com\/petlican\/","article_modified_time":"2017-10-23T12:36:58+00:00","twitter_card":"summary_large_image","twitter_site":"@petlican","schema":{"@context":"https:\/\/schema.org","@graph":[{"@type":"WebPage","@id":"https:\/\/www.petlican.com\/blog\/sahiplendirme-ilani-ver\/","url":"https:\/\/www.petlican.com\/blog\/sahiplendirme-ilani-ver\/","name":"Sahiplendirme \u0130lan\u0131 Ver - Petlican.com","isPartOf":{"@id":"https:\/\/www.petlican.com\/blog\/#website"},"datePublished":"2017-10-23T10:54:34+00:00","dateModified":"2017-10-23T12:36:58+00:00","description":"Kedi k\u00f6pek ve di\u011fer evcil hayvan \u0131rklar\u0131, cinsleri \u00f6zellikleri, sa\u011fl\u0131\u011f\u0131, bak\u0131m\u0131, beslenmesi, e\u011fitimi gibi t\u00fcm bilgiler.","breadcrumb":{"@id":"https:\/\/www.petlican.com\/blog\/sahiplendirme-ilani-ver\/#breadcrumb"},"inLanguage":"tr","potentialAction":[{"@type":"ReadAction","target":["https:\/\/www.petlican.com\/blog\/sahiplendirme-ilani-ver\/"]}]},{"@type":"BreadcrumbList","@id":"https:\/\/www.petlican.com\/blog\/sahiplendirme-ilani-ver\/#breadcrumb","itemListElement":[{"@type":"ListItem","position":1,"name":"Ana sayfa","item":"https:\/\/www.petlican.com\/blog\/"},{"@type":"ListItem","position":2,"name":"Sahiplendirme \u0130lan\u0131 Ver"}]},{"@type":"WebSite","@id":"https:\/\/www.petlican.com\/blog\/#website","url":"https:\/\/www.petlican.com\/blog\/","name":"Petlican.com","description":"","potentialAction":[{"@type":"SearchAction","target":{"@type":"EntryPoint","urlTemplate":"https:\/\/www.petlican.com\/blog\/?s={search_term_string}"},"query-input":"required name=search_term_string"}],"inLanguage":"tr"}]}},"_links":{"self":[{"href":"https:\/\/www.petlican.com\/blog\/wp-json\/wp\/v2\/pages\/2388"}],"collection":[{"href":"https:\/\/www.petlican.com\/blog\/wp-json\/wp\/v2\/pages"}],"about":[{"href":"https:\/\/www.petlican.com\/blog\/wp-json\/wp\/v2\/types\/page"}],"author":[{"embeddable":true,"href":"https:\/\/www.petlican.com\/blog\/wp-json\/wp\/v2\/users\/1"}],"replies":[{"embeddable":true,"href":"https:\/\/www.petlican.com\/blog\/wp-json\/wp\/v2\/comments?post=2388"}],"version-history":[{"count":0,"href":"https:\/\/www.petlican.com\/blog\/wp-json\/wp\/v2\/pages\/2388\/revisions"}],"wp:attachment":[{"href":"https:\/\/www.petlican.com\/blog\/wp-json\/wp\/v2\/media?parent=2388"}],"curies":[{"name":"wp","href":"https:\/\/api.w.org\/{rel}","templated":true}]}}