{"id":2020,"date":"2017-09-25T19:42:55","date_gmt":"2017-09-25T16:42:55","guid":{"rendered":"https:\/\/www.petlican.com\/blog\/hesabim\/"},"modified":"2017-09-25T19:42:55","modified_gmt":"2017-09-25T16:42:55","slug":"hesabim","status":"publish","type":"page","link":"https:\/\/www.petlican.com\/blog\/hesabim\/","title":{"rendered":"Hesab\u0131m"},"content":{"rendered":"<div class=\"woocommerce\"><\/div>\n","protected":false},"excerpt":{"rendered":"","protected":false},"author":1,"featured_media":0,"parent":0,"menu_order":0,"comment_status":"closed","ping_status":"closed","template":"","meta":[],"yoast_head":"<!-- This site is optimized with the Yoast SEO plugin v20.4 - https:\/\/yoast.com\/wordpress\/plugins\/seo\/ -->\n<title>Hesab\u0131m - Petlican.com<\/title>\n<meta name=\"description\" content=\"Kedi k\u00f6pek ve di\u011fer evcil hayvan \u0131rklar\u0131, cinsleri \u00f6zellikleri, sa\u011fl\u0131\u011f\u0131, bak\u0131m\u0131, beslenmesi, e\u011fitimi gibi t\u00fcm bilgiler.\" \/>\n<meta name=\"robots\" content=\"index, follow, max-snippet:-1, max-image-preview:large, max-video-preview:-1\" \/>\n<link rel=\"canonical\" href=\"https:\/\/www.petlican.com\/blog\/hesabim\/\" \/>\n<meta property=\"og:locale\" content=\"tr_TR\" \/>\n<meta property=\"og:type\" content=\"article\" \/>\n<meta property=\"og:title\" content=\"Hesab\u0131m - Petlican.com\" \/>\n<meta property=\"og:description\" content=\"Kedi k\u00f6pek ve di\u011fer evcil hayvan \u0131rklar\u0131, cinsleri \u00f6zellikleri, sa\u011fl\u0131\u011f\u0131, bak\u0131m\u0131, beslenmesi, e\u011fitimi gibi t\u00fcm bilgiler.\" \/>\n<meta property=\"og:url\" content=\"https:\/\/www.petlican.com\/blog\/hesabim\/\" \/>\n<meta property=\"og:site_name\" content=\"Petlican.com\" \/>\n<meta property=\"article:publisher\" content=\"https:\/\/www.facebook.com\/petlican\/\" \/>\n<meta name=\"twitter:card\" content=\"summary_large_image\" \/>\n<meta name=\"twitter:site\" content=\"@petlican\" \/>\n<script type=\"application\/ld+json\" class=\"yoast-schema-graph\">{\"@context\":\"https:\/\/schema.org\",\"@graph\":[{\"@type\":\"WebPage\",\"@id\":\"https:\/\/www.petlican.com\/blog\/hesabim\/\",\"url\":\"https:\/\/www.petlican.com\/blog\/hesabim\/\",\"name\":\"Hesab\u0131m - Petlican.com\",\"isPartOf\":{\"@id\":\"https:\/\/www.petlican.com\/blog\/#website\"},\"datePublished\":\"2017-09-25T16:42:55+00:00\",\"dateModified\":\"2017-09-25T16:42:55+00:00\",\"description\":\"Kedi k\u00f6pek ve di\u011fer evcil hayvan \u0131rklar\u0131, cinsleri \u00f6zellikleri, sa\u011fl\u0131\u011f\u0131, bak\u0131m\u0131, beslenmesi, e\u011fitimi gibi t\u00fcm bilgiler.\",\"breadcrumb\":{\"@id\":\"https:\/\/www.petlican.com\/blog\/hesabim\/#breadcrumb\"},\"inLanguage\":\"tr\",\"potentialAction\":[{\"@type\":\"ReadAction\",\"target\":[\"https:\/\/www.petlican.com\/blog\/hesabim\/\"]}]},{\"@type\":\"BreadcrumbList\",\"@id\":\"https:\/\/www.petlican.com\/blog\/hesabim\/#breadcrumb\",\"itemListElement\":[{\"@type\":\"ListItem\",\"position\":1,\"name\":\"Ana sayfa\",\"item\":\"https:\/\/www.petlican.com\/blog\/\"},{\"@type\":\"ListItem\",\"position\":2,\"name\":\"Hesab\u0131m\"}]},{\"@type\":\"WebSite\",\"@id\":\"https:\/\/www.petlican.com\/blog\/#website\",\"url\":\"https:\/\/www.petlican.com\/blog\/\",\"name\":\"Petlican.com\",\"description\":\"\",\"potentialAction\":[{\"@type\":\"SearchAction\",\"target\":{\"@type\":\"EntryPoint\",\"urlTemplate\":\"https:\/\/www.petlican.com\/blog\/?s={search_term_string}\"},\"query-input\":\"required name=search_term_string\"}],\"inLanguage\":\"tr\"}]}<\/script>\n<!-- \/ Yoast SEO plugin. -->","yoast_head_json":{"title":"Hesab\u0131m - Petlican.com","description":"Kedi k\u00f6pek ve di\u011fer evcil hayvan \u0131rklar\u0131, cinsleri \u00f6zellikleri, sa\u011fl\u0131\u011f\u0131, bak\u0131m\u0131, beslenmesi, e\u011fitimi gibi t\u00fcm bilgiler.","robots":{"index":"index","follow":"follow","max-snippet":"max-snippet:-1","max-image-preview":"max-image-preview:large","max-video-preview":"max-video-preview:-1"},"canonical":"https:\/\/www.petlican.com\/blog\/hesabim\/","og_locale":"tr_TR","og_type":"article","og_title":"Hesab\u0131m - Petlican.com","og_description":"Kedi k\u00f6pek ve di\u011fer evcil hayvan \u0131rklar\u0131, cinsleri \u00f6zellikleri, sa\u011fl\u0131\u011f\u0131, bak\u0131m\u0131, beslenmesi, e\u011fitimi gibi t\u00fcm bilgiler.","og_url":"https:\/\/www.petlican.com\/blog\/hesabim\/","og_site_name":"Petlican.com","article_publisher":"https:\/\/www.facebook.com\/petlican\/","twitter_card":"summary_large_image","twitter_site":"@petlican","schema":{"@context":"https:\/\/schema.org","@graph":[{"@type":"WebPage","@id":"https:\/\/www.petlican.com\/blog\/hesabim\/","url":"https:\/\/www.petlican.com\/blog\/hesabim\/","name":"Hesab\u0131m - Petlican.com","isPartOf":{"@id":"https:\/\/www.petlican.com\/blog\/#website"},"datePublished":"2017-09-25T16:42:55+00:00","dateModified":"2017-09-25T16:42:55+00:00","description":"Kedi k\u00f6pek ve di\u011fer evcil hayvan \u0131rklar\u0131, cinsleri \u00f6zellikleri, sa\u011fl\u0131\u011f\u0131, bak\u0131m\u0131, beslenmesi, e\u011fitimi gibi t\u00fcm bilgiler.","breadcrumb":{"@id":"https:\/\/www.petlican.com\/blog\/hesabim\/#breadcrumb"},"inLanguage":"tr","potentialAction":[{"@type":"ReadAction","target":["https:\/\/www.petlican.com\/blog\/hesabim\/"]}]},{"@type":"BreadcrumbList","@id":"https:\/\/www.petlican.com\/blog\/hesabim\/#breadcrumb","itemListElement":[{"@type":"ListItem","position":1,"name":"Ana sayfa","item":"https:\/\/www.petlican.com\/blog\/"},{"@type":"ListItem","position":2,"name":"Hesab\u0131m"}]},{"@type":"WebSite","@id":"https:\/\/www.petlican.com\/blog\/#website","url":"https:\/\/www.petlican.com\/blog\/","name":"Petlican.com","description":"","potentialAction":[{"@type":"SearchAction","target":{"@type":"EntryPoint","urlTemplate":"https:\/\/www.petlican.com\/blog\/?s={search_term_string}"},"query-input":"required name=search_term_string"}],"inLanguage":"tr"}]}},"_links":{"self":[{"href":"https:\/\/www.petlican.com\/blog\/wp-json\/wp\/v2\/pages\/2020"}],"collection":[{"href":"https:\/\/www.petlican.com\/blog\/wp-json\/wp\/v2\/pages"}],"about":[{"href":"https:\/\/www.petlican.com\/blog\/wp-json\/wp\/v2\/types\/page"}],"author":[{"embeddable":true,"href":"https:\/\/www.petlican.com\/blog\/wp-json\/wp\/v2\/users\/1"}],"replies":[{"embeddable":true,"href":"https:\/\/www.petlican.com\/blog\/wp-json\/wp\/v2\/comments?post=2020"}],"version-history":[{"count":0,"href":"https:\/\/www.petlican.com\/blog\/wp-json\/wp\/v2\/pages\/2020\/revisions"}],"wp:attachment":[{"href":"https:\/\/www.petlican.com\/blog\/wp-json\/wp\/v2\/media?parent=2020"}],"curies":[{"name":"wp","href":"https:\/\/api.w.org\/{rel}","templated":true}]}}