{"id":1493,"date":"2017-09-11T14:16:59","date_gmt":"2017-09-11T11:16:59","guid":{"rendered":"https:\/\/www.petlican.com\/blog\/?page_id=1493"},"modified":"2017-10-19T12:24:52","modified_gmt":"2017-10-19T09:24:52","slug":"hakkimizda","status":"publish","type":"page","link":"https:\/\/www.petlican.com\/blog\/hakkimizda\/","title":{"rendered":"Hakk\u0131m\u0131zda"},"content":{"rendered":"<p>Son y\u0131llarda hayvanlara kar\u015f\u0131 artan \u015fiddete dikkat \u00e7ekmek ve fark\u0131ndal\u0131k yaratmak i\u00e7in \u00e7\u0131kt\u0131\u011f\u0131m\u0131z bu yolda akl\u0131m\u0131zda tek bir d\u00fc\u015f\u00fcnce vard\u0131..<br \/>\nHayvanlar bizim can\u0131m\u0131z!<br \/>\n\u0130\u015fte Petlican tam da bu motto \u00fczerine kuruldu.<br \/>\n\u0130\u00e7inde hayvan sevgisi bulunan, can dostlar\u0131m\u0131z\u0131n daha iyi \u015fartlarda ya\u015famlar\u0131n\u0131 s\u00fcrd\u00fcrmelerini isteyen insanlar\u0131 bir araya getirmek, hayvan sevgisini daha fazla ki\u015fiye ula\u015ft\u0131rmak ve \u00e7e\u015fitli konularda fark\u0131ndal\u0131k yaratmakt\u0131 derdimiz..<br \/>\n\u0130lk ba\u015flarda k\u00fc\u00e7\u00fck \u00e7ekirdek bir ekipken \u015fimdilerde her g\u00fcn say\u0131lar\u0131 artan kocaman bir aileye d\u00f6n\u00fc\u015ft\u00fck.<\/p>\n<p><strong>Petlican neden kuruldu? Neler yap\u0131yor? Neyin pe\u015finde?<\/strong><\/p>\n<ul>\n<li>Sahiplenmeyi bekleyen canlar\u0131m\u0131za s\u0131cak bir yuva bulmak i\u00e7in \u00e7abal\u0131yoruz.<\/li>\n<li>Hayvanlar\u0131n da bir can\u0131n\u0131n oldu\u011funu anlatmaya \u00e7al\u0131\u015f\u0131yoruz. Anlamay\u0131p canlar\u0131m\u0131z\u0131 yakanlar\u0131 if\u015fa ediyoruz.<\/li>\n<li>Hayvanlar\u0131n parayla sat\u0131n al\u0131nmas\u0131ndansa sahiplendirilmesi gerekti\u011fi bilincini a\u015f\u0131l\u0131yoruz.<\/li>\n<li>Ekibimiz aras\u0131nda yer alan g\u00f6n\u00fcll\u00fc veteriner, evcil hayvan dan\u0131\u015fman\u0131 ve hayvanlar\u0131n bak\u0131m\u0131 ile ilgili tecr\u00fcbeli ekibimiz ile \u00e7e\u015fitli makaleler yay\u0131nl\u0131yoruz.<\/li>\n<li>\u0130\u00e7imiz c\u0131z etse de dikkat \u00e7ekmek ve fark\u0131ndal\u0131k yaratmak i\u00e7in \u00e7e\u015fitli haberler payla\u015f\u0131yoruz.<\/li>\n<li>Tabi ki y\u00fcz\u00fcn\u00fczde g\u00fcl\u00fcmseye neden olacak video ve foto\u011fraf galerilerine yer veriyoruz.<\/li>\n<li>G\u00f6n\u00fcll\u00fc olarak sokaklarda dostlar\u0131m\u0131za bakan hayvanseverlerin ve bar\u0131naklar\u0131n ihtiya\u00e7lar\u0131n\u0131n kar\u015f\u0131lanmas\u0131na arac\u0131l\u0131k ediyoruz.<\/li>\n<\/ul>\n<p>&nbsp;<\/p>\n<p>&nbsp;<\/p>\n","protected":false},"excerpt":{"rendered":"<p>Son y\u0131llarda hayvanlara kar\u015f\u0131 artan \u015fiddete dikkat \u00e7ekmek ve fark\u0131ndal\u0131k yaratmak i\u00e7in \u00e7\u0131kt\u0131\u011f\u0131m\u0131z bu yolda akl\u0131m\u0131zda tek bir d\u00fc\u015f\u00fcnce vard\u0131.. Hayvanlar bizim can\u0131m\u0131z! \u0130\u015fte Petlican tam da bu motto \u00fczerine kuruldu. \u0130\u00e7inde hayvan sevgisi bulunan, can dostlar\u0131m\u0131z\u0131n daha iyi \u015fartlarda ya\u015famlar\u0131n\u0131 s\u00fcrd\u00fcrmelerini isteyen insanlar\u0131 bir araya getirmek, hayvan sevgisini daha fazla ki\u015fiye ula\u015ft\u0131rmak ve \u00e7e\u015fitli&#8230;<\/p>\n","protected":false},"author":1,"featured_media":0,"parent":0,"menu_order":0,"comment_status":"closed","ping_status":"closed","template":"page-no-sidebar.php","meta":[],"yoast_head":"<!-- This site is optimized with the Yoast SEO plugin v20.4 - https:\/\/yoast.com\/wordpress\/plugins\/seo\/ -->\n<title>Hakk\u0131m\u0131zda - Petlican.com<\/title>\n<meta name=\"description\" content=\"Kedi k\u00f6pek ve di\u011fer evcil hayvan \u0131rklar\u0131, cinsleri \u00f6zellikleri, sa\u011fl\u0131\u011f\u0131, bak\u0131m\u0131, beslenmesi, e\u011fitimi gibi t\u00fcm bilgiler.\" \/>\n<meta name=\"robots\" content=\"index, follow, max-snippet:-1, max-image-preview:large, max-video-preview:-1\" \/>\n<link rel=\"canonical\" href=\"https:\/\/www.petlican.com\/blog\/hakkimizda\/\" \/>\n<meta property=\"og:locale\" content=\"tr_TR\" \/>\n<meta property=\"og:type\" content=\"article\" \/>\n<meta property=\"og:title\" content=\"Hakk\u0131m\u0131zda - Petlican.com\" \/>\n<meta property=\"og:description\" content=\"Kedi k\u00f6pek ve di\u011fer evcil hayvan \u0131rklar\u0131, cinsleri \u00f6zellikleri, sa\u011fl\u0131\u011f\u0131, bak\u0131m\u0131, beslenmesi, e\u011fitimi gibi t\u00fcm bilgiler.\" \/>\n<meta property=\"og:url\" content=\"https:\/\/www.petlican.com\/blog\/hakkimizda\/\" \/>\n<meta property=\"og:site_name\" content=\"Petlican.com\" \/>\n<meta property=\"article:publisher\" content=\"https:\/\/www.facebook.com\/petlican\/\" \/>\n<meta property=\"article:modified_time\" content=\"2017-10-19T09:24:52+00:00\" \/>\n<meta name=\"twitter:card\" content=\"summary_large_image\" \/>\n<meta name=\"twitter:site\" content=\"@petlican\" \/>\n<meta name=\"twitter:label1\" content=\"Tahmini okuma s\u00fcresi\" \/>\n\t<meta name=\"twitter:data1\" content=\"1 dakika\" \/>\n<script type=\"application\/ld+json\" class=\"yoast-schema-graph\">{\"@context\":\"https:\/\/schema.org\",\"@graph\":[{\"@type\":\"WebPage\",\"@id\":\"https:\/\/www.petlican.com\/blog\/hakkimizda\/\",\"url\":\"https:\/\/www.petlican.com\/blog\/hakkimizda\/\",\"name\":\"Hakk\u0131m\u0131zda - Petlican.com\",\"isPartOf\":{\"@id\":\"https:\/\/www.petlican.com\/blog\/#website\"},\"datePublished\":\"2017-09-11T11:16:59+00:00\",\"dateModified\":\"2017-10-19T09:24:52+00:00\",\"description\":\"Kedi k\u00f6pek ve di\u011fer evcil hayvan \u0131rklar\u0131, cinsleri \u00f6zellikleri, sa\u011fl\u0131\u011f\u0131, bak\u0131m\u0131, beslenmesi, e\u011fitimi gibi t\u00fcm bilgiler.\",\"breadcrumb\":{\"@id\":\"https:\/\/www.petlican.com\/blog\/hakkimizda\/#breadcrumb\"},\"inLanguage\":\"tr\",\"potentialAction\":[{\"@type\":\"ReadAction\",\"target\":[\"https:\/\/www.petlican.com\/blog\/hakkimizda\/\"]}]},{\"@type\":\"BreadcrumbList\",\"@id\":\"https:\/\/www.petlican.com\/blog\/hakkimizda\/#breadcrumb\",\"itemListElement\":[{\"@type\":\"ListItem\",\"position\":1,\"name\":\"Ana sayfa\",\"item\":\"https:\/\/www.petlican.com\/blog\/\"},{\"@type\":\"ListItem\",\"position\":2,\"name\":\"Hakk\u0131m\u0131zda\"}]},{\"@type\":\"WebSite\",\"@id\":\"https:\/\/www.petlican.com\/blog\/#website\",\"url\":\"https:\/\/www.petlican.com\/blog\/\",\"name\":\"Petlican.com\",\"description\":\"\",\"potentialAction\":[{\"@type\":\"SearchAction\",\"target\":{\"@type\":\"EntryPoint\",\"urlTemplate\":\"https:\/\/www.petlican.com\/blog\/?s={search_term_string}\"},\"query-input\":\"required name=search_term_string\"}],\"inLanguage\":\"tr\"}]}<\/script>\n<!-- \/ Yoast SEO plugin. -->","yoast_head_json":{"title":"Hakk\u0131m\u0131zda - Petlican.com","description":"Kedi k\u00f6pek ve di\u011fer evcil hayvan \u0131rklar\u0131, cinsleri \u00f6zellikleri, sa\u011fl\u0131\u011f\u0131, bak\u0131m\u0131, beslenmesi, e\u011fitimi gibi t\u00fcm bilgiler.","robots":{"index":"index","follow":"follow","max-snippet":"max-snippet:-1","max-image-preview":"max-image-preview:large","max-video-preview":"max-video-preview:-1"},"canonical":"https:\/\/www.petlican.com\/blog\/hakkimizda\/","og_locale":"tr_TR","og_type":"article","og_title":"Hakk\u0131m\u0131zda - Petlican.com","og_description":"Kedi k\u00f6pek ve di\u011fer evcil hayvan \u0131rklar\u0131, cinsleri \u00f6zellikleri, sa\u011fl\u0131\u011f\u0131, bak\u0131m\u0131, beslenmesi, e\u011fitimi gibi t\u00fcm bilgiler.","og_url":"https:\/\/www.petlican.com\/blog\/hakkimizda\/","og_site_name":"Petlican.com","article_publisher":"https:\/\/www.facebook.com\/petlican\/","article_modified_time":"2017-10-19T09:24:52+00:00","twitter_card":"summary_large_image","twitter_site":"@petlican","twitter_misc":{"Tahmini okuma s\u00fcresi":"1 dakika"},"schema":{"@context":"https:\/\/schema.org","@graph":[{"@type":"WebPage","@id":"https:\/\/www.petlican.com\/blog\/hakkimizda\/","url":"https:\/\/www.petlican.com\/blog\/hakkimizda\/","name":"Hakk\u0131m\u0131zda - Petlican.com","isPartOf":{"@id":"https:\/\/www.petlican.com\/blog\/#website"},"datePublished":"2017-09-11T11:16:59+00:00","dateModified":"2017-10-19T09:24:52+00:00","description":"Kedi k\u00f6pek ve di\u011fer evcil hayvan \u0131rklar\u0131, cinsleri \u00f6zellikleri, sa\u011fl\u0131\u011f\u0131, bak\u0131m\u0131, beslenmesi, e\u011fitimi gibi t\u00fcm bilgiler.","breadcrumb":{"@id":"https:\/\/www.petlican.com\/blog\/hakkimizda\/#breadcrumb"},"inLanguage":"tr","potentialAction":[{"@type":"ReadAction","target":["https:\/\/www.petlican.com\/blog\/hakkimizda\/"]}]},{"@type":"BreadcrumbList","@id":"https:\/\/www.petlican.com\/blog\/hakkimizda\/#breadcrumb","itemListElement":[{"@type":"ListItem","position":1,"name":"Ana sayfa","item":"https:\/\/www.petlican.com\/blog\/"},{"@type":"ListItem","position":2,"name":"Hakk\u0131m\u0131zda"}]},{"@type":"WebSite","@id":"https:\/\/www.petlican.com\/blog\/#website","url":"https:\/\/www.petlican.com\/blog\/","name":"Petlican.com","description":"","potentialAction":[{"@type":"SearchAction","target":{"@type":"EntryPoint","urlTemplate":"https:\/\/www.petlican.com\/blog\/?s={search_term_string}"},"query-input":"required name=search_term_string"}],"inLanguage":"tr"}]}},"_links":{"self":[{"href":"https:\/\/www.petlican.com\/blog\/wp-json\/wp\/v2\/pages\/1493"}],"collection":[{"href":"https:\/\/www.petlican.com\/blog\/wp-json\/wp\/v2\/pages"}],"about":[{"href":"https:\/\/www.petlican.com\/blog\/wp-json\/wp\/v2\/types\/page"}],"author":[{"embeddable":true,"href":"https:\/\/www.petlican.com\/blog\/wp-json\/wp\/v2\/users\/1"}],"replies":[{"embeddable":true,"href":"https:\/\/www.petlican.com\/blog\/wp-json\/wp\/v2\/comments?post=1493"}],"version-history":[{"count":0,"href":"https:\/\/www.petlican.com\/blog\/wp-json\/wp\/v2\/pages\/1493\/revisions"}],"wp:attachment":[{"href":"https:\/\/www.petlican.com\/blog\/wp-json\/wp\/v2\/media?parent=1493"}],"curies":[{"name":"wp","href":"https:\/\/api.w.org\/{rel}","templated":true}]}}